{"id":75719,"date":"2022-06-08T22:24:16","date_gmt":"2022-06-08T19:24:16","guid":{"rendered":"https:\/\/kenetsan.com\/?page_id=75719"},"modified":"2022-06-21T09:30:09","modified_gmt":"2022-06-21T06:30:09","slug":"prefa","status":"publish","type":"page","link":"https:\/\/kenetsan.com.tr\/index.php\/prefa\/","title":{"rendered":"Prefa"},"content":{"rendered":"<p>[vc_row][vc_column][vc_column_text]<\/p>\n<div class=\"vc_row wpb_row \">\n<div class=\" boxed\">\n<div class=\"container\">\n<div class=\"row\">\n<div class=\"col-sm-12 col-lg-12 wpb_column vc_column_container \">\n<div class=\"wpb_wrapper\">\n<div class=\"vc_custom_heading\">\n<h2>PREFA \u00c7at\u0131 Cephe ve Ya\u011fmur indirme sistemleri<\/h2>\n<\/div>\n<div class=\"wpb_text_column wpb_content_element \">\n<div class=\"wpb_wrapper\">\n<p>PREFA<\/p>\n<\/div>\n<\/div>\n<div class=\"vc_empty_space\"><\/div>\n<div class=\"vc_row wpb_row vc_inner \">\n<div class=\" boxed\">\n<div class=\"container\">\n<div class=\"row\">\n<div class=\"col-sm-4 col-lg-4 wpb_column vc_column_container \">\n<div class=\"wpb_wrapper\">\n<div class=\"wpb_text_column wpb_content_element \">\n<div class=\"wpb_wrapper\">\n<p><img decoding=\"async\" src=\"https:\/\/kenetsan.com.tr\/wp-content\/uploads\/PREFA_orta-icerik.jpg\" alt=\"\" \/><\/p>\n<h4>\u00c7at\u0131 Sistemleri<\/h4>\n<p>\u00c7at\u0131 Sistemleri.<\/p>\n<\/div>\n<\/div>\n<\/div>\n<\/div>\n<div class=\"col-sm-4 col-lg-4 wpb_column vc_column_container \">\n<div class=\"wpb_wrapper\">\n<div class=\"wpb_text_column wpb_content_element \">\n<div class=\"wpb_wrapper\">\n<p><img decoding=\"async\" src=\"https:\/\/kenetsan.com.tr\/wp-content\/uploads\/prefa-cephe-sistemleri.jpg\" alt=\"\" \/><\/p>\n<h4>Cephe Sistemleri<\/h4>\n<p>Cephe Sistemleri.<\/p>\n<\/div>\n<\/div>\n<\/div>\n<\/div>\n<div class=\"col-sm-4 col-lg-4 wpb_column vc_column_container \">\n<div class=\"wpb_wrapper\">\n<div class=\"wpb_text_column wpb_content_element \">\n<div class=\"wpb_wrapper\">\n<p><img decoding=\"async\" src=\"https:\/\/kenetsan.com.tr\/wp-content\/uploads\/yagmur-indirme-sistmleri2.jpg\" alt=\"\" \/><\/p>\n<h4>Ya\u011fmur \u0130ni\u015f Sistemleri<\/h4>\n<p>Ya\u011fmur \u0130ni\u015f Sistemleri\u2026<\/p>\n<\/div>\n<\/div>\n<\/div>\n<\/div>\n<\/div>\n<\/div>\n<\/div>\n<\/div>\n<\/div>\n<\/div>\n<\/div>\n<\/div>\n<\/div>\n<\/div>\n<div class=\"vc_row wpb_row \">\n<div class=\" boxed\">\n<div class=\"container\">\n<div class=\"row\">\n<div class=\"col-sm-12 col-lg-12 wpb_column vc_column_container \">\n<div class=\"wpb_wrapper\">\n<div class=\"wpb_text_column wpb_content_element \">\n<div class=\"wpb_wrapper\">\n<h4>PREFA<\/h4>\n<\/div>\n<\/div>\n<\/div>\n<\/div>\n<\/div>\n<\/div>\n<\/div>\n<\/div>\n<p>[\/vc_column_text][vc_single_image image=&#8221;75723&#8243;][\/vc_column][\/vc_row]<\/p>\n","protected":false},"excerpt":{"rendered":"<p>[vc_row][vc_column][vc_column_text] PREFA \u00c7at\u0131 Cephe ve Ya\u011fmur indirme sistemleri PREFA \u00c7at\u0131 Sistemleri \u00c7at\u0131 Sistemleri. Cephe Sistemleri Cephe Sistemleri. Ya\u011fmur \u0130ni\u015f Sistemleri Ya\u011fmur \u0130ni\u015f Sistemleri\u2026 PREFA [\/vc_column_text][vc_single_image image=&#8221;75723&#8243;][\/vc_column][\/vc_row]<\/p>\n","protected":false},"author":1,"featured_media":0,"parent":0,"menu_order":0,"comment_status":"closed","ping_status":"closed","template":"","meta":{"footnotes":""},"class_list":["post-75719","page","type-page","status-publish","hentry"],"_links":{"self":[{"href":"https:\/\/kenetsan.com.tr\/index.php\/wp-json\/wp\/v2\/pages\/75719","targetHints":{"allow":["GET"]}}],"collection":[{"href":"https:\/\/kenetsan.com.tr\/index.php\/wp-json\/wp\/v2\/pages"}],"about":[{"href":"https:\/\/kenetsan.com.tr\/index.php\/wp-json\/wp\/v2\/types\/page"}],"author":[{"embeddable":true,"href":"https:\/\/kenetsan.com.tr\/index.php\/wp-json\/wp\/v2\/users\/1"}],"replies":[{"embeddable":true,"href":"https:\/\/kenetsan.com.tr\/index.php\/wp-json\/wp\/v2\/comments?post=75719"}],"version-history":[{"count":1,"href":"https:\/\/kenetsan.com.tr\/index.php\/wp-json\/wp\/v2\/pages\/75719\/revisions"}],"predecessor-version":[{"id":76204,"href":"https:\/\/kenetsan.com.tr\/index.php\/wp-json\/wp\/v2\/pages\/75719\/revisions\/76204"}],"wp:attachment":[{"href":"https:\/\/kenetsan.com.tr\/index.php\/wp-json\/wp\/v2\/media?parent=75719"}],"curies":[{"name":"wp","href":"https:\/\/api.w.org\/{rel}","templated":true}]}}