{"id":75835,"date":"2022-06-15T10:20:00","date_gmt":"2022-06-15T07:20:00","guid":{"rendered":"http:\/\/www.catipenceresistemleri.com\/?post_type=product&#038;p=75514"},"modified":"2024-11-11T07:03:22","modified_gmt":"2024-11-11T04:03:22","slug":"gzl-1051-cati-penceresi","status":"publish","type":"product","link":"https:\/\/kenetsan.com.tr\/index.php\/urun\/gzl-1051-cati-penceresi\/","title":{"rendered":"GZL 1051 \u00c7at\u0131 Penceresi"},"content":{"rendered":"<p>GZL 1051 \u00c7at\u0131 Penceresi<\/p>\n<div class=\"page\" title=\"Page 2\">\n<div class=\"section\">\n<div class=\"layoutArea\">\n<div class=\"column\">\n<p>Temperli Low-e (4+16+4) C\u0327ift cam<\/p>\n<p>Uw = 1.3 ile \u0131s\u0131 kay\u0131plar\u0131na kars\u0327\u0131 koruma<\/p>\n<p>Cam kal\u0131nl\u0131g\u0306\u0131 = 8mm<\/p>\n<p>Darbelere kars\u0327\u0131 korumal\u0131 d\u0131s\u0327 cam<\/p>\n<div class=\"page\" title=\"Page 2\">\n<div class=\"section\">\n<div class=\"layoutArea\">\n<div class=\"column\">\n<p><strong>Go\u0308lgelikle birlikte kullan\u0131ld\u0131g\u0306\u0131nda %86 oran\u0131nda \u0131s\u0131 keser<\/strong><\/p>\n<div class=\"page\" title=\"Page 2\">\n<div class=\"section\">\n<div class=\"layoutArea\">\n<div class=\"column\">\n<p>Ses Yal\u0131t\u0131m\u0131= 31dB<\/p>\n<p>Kasa kal\u0131nl\u0131g\u0306\u0131= 13cm<\/p>\n<p>I\u0307c\u0327 = Emprenyeli, c\u0327ift kat vernikli dog\u0306al ahs\u0327ap<\/p>\n<p>Kasay\u0131 c\u0327epec\u0327evre saran EPS ile sog\u0306ug\u0306a kars\u0327\u0131 koruma(Thermo <strong>Tecnology<\/strong>)<\/p>\n<\/div>\n<div class=\"column\">\n<p>I\u0307c\u0327 = Dog\u0306al ahs\u0327ap u\u0308zeri Poliu\u0308retan kaplama (dald\u0131rma yo\u0308ntemi ile tek parc\u0327a)<\/p>\n<p>Is\u0131l is\u0327lem go\u0308rmu\u0308s\u0327 ahs\u0327ap ile sog\u0306ug\u0306a kars\u0327\u0131 koruma<\/p>\n<div class=\"page\" title=\"Page 2\">\n<div class=\"section\">\n<div class=\"layoutArea\">\n<div class=\"column\">\n<p>D\u0131s\u0327 = Alu\u0308minyum ve vidas\u0131z d\u0131s\u0327 yu\u0308zey<br \/>\nGizli motor: Elektrikli ya da Solar sec\u0327enekler<\/p>\n<p>Temizlik: 180 \u00b0 do\u0308ndu\u0308ru\u0308lerek d\u0131s\u0327 cam\u0131 ic\u0327eriden temizleme imkan\u0131.<\/p>\n<p>Perde\/Panjur: Tu\u0308m ic\u0327 ve d\u0131s\u0327 aksesuarlarla kullan\u0131labilir.<\/p>\n<p>Havaland\u0131rma: Kapal\u0131yken havaland\u0131rma sunar. Y\u0131kanabilir toz filtresi mevcuttur.<\/p>\n<p><strong>10 Y\u0131l VELUX Tu\u0308rkiye Garantisi.<\/strong><\/p>\n<p>&nbsp;<\/p>\n<\/div>\n<\/div>\n<\/div>\n<\/div>\n<\/div>\n<\/div>\n<\/div>\n<\/div>\n<div class=\"filterenabled spot-wrapper\">\n<div class=\"article-wrapper\">\n<h2>\u00dcstten veya alttan a\u00e7\u0131lan \u00e7at\u0131 penceresi?<\/h2>\n<\/div>\n<\/div>\n<div class=\"filterenabled spot-wrapper\">\n<div class=\"article-wrapper\">\n<div class=\"article-content clearfix textspot-content\">\n<div>Hangi \u00e7at\u0131 penceresini se\u00e7ece\u011finizden tam olarak emin de\u011fil misiniz?<\/div>\n<p>Karar vermenize yard\u0131mc\u0131 olmas\u0131 i\u00e7in bu videoyu izleyin.<\/p>\n<p>En iyi konumland\u0131rmay\u0131 sa\u011flamak i\u00e7in:<\/p>\n<ul>\n<li>\u00e7at\u0131 pencerenizi d\u00fc\u015feydeki pencereniz ile benzer bir y\u00fcksekli\u011fe yerle\u015ftirin<\/li>\n<li>pencerenin alt kenar\u0131 yerden 90 &#8211; 110 cm y\u00fcksekte<\/li>\n<li>pencerenin \u00fcst kenar\u0131 yerden 185 &#8211; 220 cm y\u00fcksekte olmal\u0131d\u0131r<\/li>\n<\/ul>\n<\/div>\n<\/div>\n<p>&nbsp;<\/p>\n<\/div>\n<\/div>\n<div class=\"filterenabled spot-wrapper\">\n<div class=\"article-wrapper\">\n<h2>Avantajlar<\/h2>\n<\/div>\n<\/div>\n<div class=\"filterenabled spot-wrapper\">\n<div class=\"article-wrapper\">\n<div class=\"article-content clearfix textspot-content\">\n<ul>\n<li>K\u0131r\u0131lmalara kar\u015f\u0131 g\u00fc\u00e7lendirilmi\u015f temperli low-e d\u0131\u015f cam<\/li>\n<li>Cam kal\u0131nl\u0131\u011f\u0131 8 mm<\/li>\n<li>Pencere kapal\u0131yken su ve toz riski olmadan havaland\u0131rma<\/li>\n<li>Kolay temizlik i\u00e7in 1800\u00a0d\u00f6n\u00fcp sabitlenme\u00a0%28 ve \u00fczeri e\u011fimlerde uygulanmal\u0131d\u0131r.<\/li>\n<\/ul>\n<\/div>\n<\/div>\n<\/div>\n<\/div>\n<\/div>\n<\/div>\n<\/div>\n<\/div>\n<\/div>\n<\/div>\n","protected":false},"excerpt":{"rendered":"<p>STANDART\u00a0ailesi \u00fcr\u00fcnleri g\u00fcvenilir ve\u00a0fonksiyonel, en k\u00fc\u00e7\u00fck ayr\u0131nt\u0131s\u0131na\u00a0kadar VELUX kalitesi ve standartlar\u0131n\u0131\u00a0bar\u0131nd\u0131r\u0131r. En fonksiyonel kullan\u0131m\u00a0\u015fekli olan \u00fcstten kontrol bar\u0131 ile\u00a0a\u00e7ma-kapama, pencere kapal\u0131yken\u00a0havaland\u0131rma, temperli ve enerji\u00a0kay\u0131plar\u0131n\u0131 minimize eden \u00e7ift cam ve\u00a0kolay temizlik i\u00e7in 1800\u00a0d\u00f6nebilme bu\u00a0\u00fcr\u00fcn \u00f6zelliklerinden sadece bir ka\u00e7\u0131. ThermoTechnology\u2122 \u00f6zelli\u011fi ile k\u0131\u015f\u0131n \u0131s\u0131 kay\u0131plar\u0131n\u0131 minimize eder.<\/p>\n","protected":false},"featured_media":76214,"comment_status":"open","ping_status":"closed","template":"","meta":[],"product_cat":[30,38],"product_tag":[],"class_list":["post-75835","product","type-product","status-publish","has-post-thumbnail","hentry","product_cat-cati-pencereleri","product_cat-standart-cati-pencereleri"],"_links":{"self":[{"href":"https:\/\/kenetsan.com.tr\/index.php\/wp-json\/wp\/v2\/product\/75835","targetHints":{"allow":["GET"]}}],"collection":[{"href":"https:\/\/kenetsan.com.tr\/index.php\/wp-json\/wp\/v2\/product"}],"about":[{"href":"https:\/\/kenetsan.com.tr\/index.php\/wp-json\/wp\/v2\/types\/product"}],"replies":[{"embeddable":true,"href":"https:\/\/kenetsan.com.tr\/index.php\/wp-json\/wp\/v2\/comments?post=75835"}],"wp:featuredmedia":[{"embeddable":true,"href":"https:\/\/kenetsan.com.tr\/index.php\/wp-json\/wp\/v2\/media\/76214"}],"wp:attachment":[{"href":"https:\/\/kenetsan.com.tr\/index.php\/wp-json\/wp\/v2\/media?parent=75835"}],"wp:term":[{"taxonomy":"product_cat","embeddable":true,"href":"https:\/\/kenetsan.com.tr\/index.php\/wp-json\/wp\/v2\/product_cat?post=75835"},{"taxonomy":"product_tag","embeddable":true,"href":"https:\/\/kenetsan.com.tr\/index.php\/wp-json\/wp\/v2\/product_tag?post=75835"}],"curies":[{"name":"wp","href":"https:\/\/api.w.org\/{rel}","templated":true}]}}