{"id":75840,"date":"2022-06-15T10:35:29","date_gmt":"2022-06-15T07:35:29","guid":{"rendered":"http:\/\/www.catipenceresistemleri.com\/?post_type=product&#038;p=75523"},"modified":"2022-09-19T00:11:52","modified_gmt":"2022-09-18T21:11:52","slug":"ggu-0076-cati-penceresi","status":"publish","type":"product","link":"https:\/\/kenetsan.com.tr\/index.php\/urun\/ggu-0076-cati-penceresi\/","title":{"rendered":"GGU 0076 \u00c7at\u0131 Penceresi"},"content":{"rendered":"<p>[vc_row][vc_column][vc_column_text]Lamine Low-e (4+14,5+3+3) \u00c7ift cam<\/p>\n<p>\u0130\u00e7 y\u00fczeyler, do\u011fal ah\u015fap \u00fczeri beyaz boya (GGL\/GPL) ya da poli\u00fcretan kaplama (GGU\/ GPU) se\u00e7enekli<\/p>\n<p>Cam kal\u0131nl\u0131\u011f\u0131 = 8mm<\/p>\n<p>Ses Yal\u0131t\u0131m\u0131= 35dB<\/p>\n<p>Kasa kal\u0131nl\u0131\u011f\u0131= 13cm<\/p>\n<p>Ortadan Mente\u015feli, pivot a\u00e7\u0131l\u0131m<\/p>\n<p>D\u0131\u015fa do\u011fru a\u00e7\u0131lan kanat sayesinde panoramik manzara<\/p>\n<p>D\u0131\u015f = Al\u00fcminyum ve vidas\u0131z d\u0131\u015f y\u00fczey<\/p>\n<p>Kasada ek conta sistemi ile y\u00fcksek hava s\u0131zd\u0131rmazl\u0131\u011f\u0131 sunar.<\/p>\n<p>Gizli motor: Elektrikli ya da Solar se\u00e7enekler (GPL\/GPU hari\u00e7)<\/p>\n<p>Temizlik: 180 \u00b0 d\u00f6nd\u00fcr\u00fclerek d\u0131\u015f cam\u0131 i\u00e7eriden temizleme imkan\u0131.<\/p>\n<p>Perde\/Panjur: T\u00fcm i\u00e7 ve d\u0131\u015f aksesuarlarla kullan\u0131labilir.<\/p>\n<p>Havaland\u0131rma: Kapal\u0131yken havaland\u0131rma sunar. Y\u0131kanabilir toz filtresi mevcuttur.<\/p>\n<p>10 Y\u0131l VELUX T\u00fcrkiye Garantisi.<\/p>\n<p>&nbsp;<\/p>\n<p><strong>Avantajlar<\/strong><\/p>\n<p>Rahat kullan\u0131m sa\u011flayan \u00fcste konumlanm\u0131\u015f ergonomik a\u00e7ma kolu<br \/>\n\u0130\u00e7 y\u00fczeyler, do\u011fal ah\u015fap \u00fczeri beyaz boya (GGL\/GPL) ya da poli\u00fcretan kaplama ( GGU\/GPU) se\u00e7enekli<br \/>\nIs\u0131 engelleyici, Lamine Low-e cam<br \/>\nKasada ek conta sistemi ile y\u00fcksek hava s\u0131zd\u0131rmazl\u0131\u011f\u0131<br \/>\nThermoTechnologyTM<br \/>\nKapal\u0131yken havaland\u0131rma<br \/>\nY\u0131kanabilir toz filtresi<br \/>\nOrtadan mente\u015feli ve d\u0131\u015fa do\u011fru a\u00e7\u0131lan kanat se\u00e7enekleri[\/vc_column_text][\/vc_column][\/vc_row]<\/p>\n","protected":false},"excerpt":{"rendered":"<p>VELUX \u00fcstten mente\u015feli \u00e7at\u0131 pencereleri size s\u0131n\u0131rs\u0131z bir manzara imkan\u0131 sunar. Alt taraftaki zarif kolla d\u0131\u015fa do\u011fru a\u00e7arak odaya hacim kazand\u0131r\u0131p daha ferah bir ortam sa\u011flayabilece\u011finiz gibi, \u00fcstteki a\u00e7ma-kapama kolu sayesinde pivot olarak a\u00e7arak temizli\u011fini de kolayca yapabilirsiniz. Pencerenizi \u00f6zellikle alt kotlara yerle\u015ftirmeniz gerekti\u011finde d\u0131\u015fa do\u011fru a\u00e7\u0131l\u0131m en ideal \u00e7\u00f6z\u00fcmd\u00fcr. Bu gibi uygulamalarda VELUX \u00fcstten mente\u015feli \u00e7at\u0131 pencerelerini tercih etmenizi \u00f6neririz.<\/p>\n","protected":false},"featured_media":76212,"comment_status":"open","ping_status":"closed","template":"","meta":[],"product_cat":[30,37],"product_tag":[],"class_list":["post-75840","product","type-product","status-publish","has-post-thumbnail","hentry","product_cat-cati-pencereleri","product_cat-premium-cati-pencereleri"],"_links":{"self":[{"href":"https:\/\/kenetsan.com.tr\/index.php\/wp-json\/wp\/v2\/product\/75840","targetHints":{"allow":["GET"]}}],"collection":[{"href":"https:\/\/kenetsan.com.tr\/index.php\/wp-json\/wp\/v2\/product"}],"about":[{"href":"https:\/\/kenetsan.com.tr\/index.php\/wp-json\/wp\/v2\/types\/product"}],"replies":[{"embeddable":true,"href":"https:\/\/kenetsan.com.tr\/index.php\/wp-json\/wp\/v2\/comments?post=75840"}],"wp:featuredmedia":[{"embeddable":true,"href":"https:\/\/kenetsan.com.tr\/index.php\/wp-json\/wp\/v2\/media\/76212"}],"wp:attachment":[{"href":"https:\/\/kenetsan.com.tr\/index.php\/wp-json\/wp\/v2\/media?parent=75840"}],"wp:term":[{"taxonomy":"product_cat","embeddable":true,"href":"https:\/\/kenetsan.com.tr\/index.php\/wp-json\/wp\/v2\/product_cat?post=75840"},{"taxonomy":"product_tag","embeddable":true,"href":"https:\/\/kenetsan.com.tr\/index.php\/wp-json\/wp\/v2\/product_tag?post=75840"}],"curies":[{"name":"wp","href":"https:\/\/api.w.org\/{rel}","templated":true}]}}