{"id":75841,"date":"2022-06-15T10:35:17","date_gmt":"2022-06-15T07:35:17","guid":{"rendered":"http:\/\/www.catipenceresistemleri.com\/?post_type=product&#038;p=75524"},"modified":"2022-09-19T00:12:07","modified_gmt":"2022-09-18T21:12:07","slug":"gpl-2076-cati-penceresi","status":"publish","type":"product","link":"https:\/\/kenetsan.com.tr\/index.php\/urun\/gpl-2076-cati-penceresi\/","title":{"rendered":"GPL 2076 \u00c7at\u0131 Penceresi"},"content":{"rendered":"<p>[vc_row][vc_column][vc_column_text]Lamine Low-e (4+14,5+3+3) \u00c7ift cam<\/p>\n<p>\u0130\u00e7 y\u00fczeyler, do\u011fal ah\u015fap \u00fczeri beyaz boya (GGL\/GPL) ya da poli\u00fcretan kaplama (GGU\/ GPU) se\u00e7enekli<\/p>\n<p>Cam kal\u0131nl\u0131\u011f\u0131 = 8mm<\/p>\n<p>Ses Yal\u0131t\u0131m\u0131= 35dB<\/p>\n<p>Kasa kal\u0131nl\u0131\u011f\u0131= 13cm<\/p>\n<p>Ortadan Mente\u015feli, pivot a\u00e7\u0131l\u0131m<\/p>\n<p>D\u0131\u015fa do\u011fru a\u00e7\u0131lan kanat sayesinde panoramik manzara<\/p>\n<p>D\u0131\u015f = Al\u00fcminyum ve vidas\u0131z d\u0131\u015f y\u00fczey<\/p>\n<p>Kasada ek conta sistemi ile y\u00fcksek hava s\u0131zd\u0131rmazl\u0131\u011f\u0131 sunar.<\/p>\n<p>Gizli motor: Elektrikli ya da Solar se\u00e7enekler (GPL\/GPU hari\u00e7)<\/p>\n<p>Temizlik: 180 \u00b0 d\u00f6nd\u00fcr\u00fclerek d\u0131\u015f cam\u0131 i\u00e7eriden temizleme imkan\u0131.<\/p>\n<p>Perde\/Panjur: T\u00fcm i\u00e7 ve d\u0131\u015f aksesuarlarla kullan\u0131labilir.<\/p>\n<p>Havaland\u0131rma: Kapal\u0131yken havaland\u0131rma sunar. Y\u0131kanabilir toz filtresi mevcuttur.<\/p>\n<p>10 Y\u0131l VELUX T\u00fcrkiye Garantisi.<\/p>\n<p>&nbsp;<\/p>\n<p><strong>\u00dcstten veya alttan a\u00e7\u0131lan \u00e7at\u0131 penceresi?<\/strong><\/p>\n<p>Hangi \u00e7at\u0131 penceresini se\u00e7ece\u011finizden tam olarak emin de\u011fil misiniz?<br \/>\nKarar vermenize yard\u0131mc\u0131 olmas\u0131 i\u00e7in bu videoyu izleyin.<\/p>\n<p>En iyi konumland\u0131rmay\u0131 sa\u011flamak i\u00e7in:<\/p>\n<p>\u00e7at\u0131 pencerenizi d\u00fc\u015feydeki pencereniz ile benzer bir y\u00fcksekli\u011fe yerle\u015ftirin<br \/>\npencerenin alt kenar\u0131 yerden 90 &#8211; 110 cm y\u00fcksekte<br \/>\npencerenin \u00fcst kenar\u0131 yerden 185 &#8211; 220 cm y\u00fcksekte olmal\u0131d\u0131r<\/p>\n<p>&nbsp;<\/p>\n<p><strong>Avantajlar<\/strong><\/p>\n<p>Rahat kullan\u0131m sa\u011flayan \u00fcste konumlanm\u0131\u015f ergonomik a\u00e7ma kolu<br \/>\n\u0130\u00e7 y\u00fczeyler, do\u011fal ah\u015fap \u00fczeri beyaz boya (GGL\/GPL) ya da poli\u00fcretan kaplama ( GGU\/GPU) se\u00e7enekli<br \/>\nIs\u0131 engelleyici, Lamine Low-e cam<br \/>\nKasada ek conta sistemi ile y\u00fcksek hava s\u0131zd\u0131rmazl\u0131\u011f\u0131<br \/>\nThermoTechnologyTM<br \/>\nKapal\u0131yken havaland\u0131rma<br \/>\nY\u0131kanabilir toz filtresi<br \/>\nOrtadan mente\u015feli ve d\u0131\u015fa do\u011fru a\u00e7\u0131lan kanat se\u00e7enekleri[\/vc_column_text][\/vc_column][\/vc_row]<\/p>\n","protected":false},"excerpt":{"rendered":"<p>Tavan\u0131n\u0131z ile uyumlu beyaz renk ile daha ayd\u0131nl\u0131k, ferah ve modern bir g\u00f6r\u00fcn\u00fcme sahiptir. G\u00fcne\u015f \u0131s\u0131s\u0131na ve UV&#8217;ye kar\u015f\u0131 ek koruma sa\u011flar. Darbelere kar\u015f\u0131 g\u00fc\u00e7lendirilmi\u015f d\u0131\u015f cam\u0131 ve lamine i\u00e7 cam\u0131 ile tam g\u00fcvenlik sa\u011flar. Su ve toz riski olmadan a\u00e7ma kolunu bir defa \u00e7ekti\u011finizde pencereniz kapal\u0131yken bile evinizi havaland\u0131rabilirsiniz. Pencereniz sonradan motorluya d\u00f6n\u00fc\u015ft\u00fcr\u00fclebilir. Poli\u00fcretan kaplamal\u0131 model sayesinde pencerenizi uzun y\u0131llar bak\u0131ma ihtiya\u00e7 duymadan kullanabilirsiniz.<\/p>\n","protected":false},"featured_media":76215,"comment_status":"open","ping_status":"closed","template":"","meta":[],"product_cat":[30,37],"product_tag":[],"class_list":["post-75841","product","type-product","status-publish","has-post-thumbnail","hentry","product_cat-cati-pencereleri","product_cat-premium-cati-pencereleri"],"_links":{"self":[{"href":"https:\/\/kenetsan.com.tr\/index.php\/wp-json\/wp\/v2\/product\/75841","targetHints":{"allow":["GET"]}}],"collection":[{"href":"https:\/\/kenetsan.com.tr\/index.php\/wp-json\/wp\/v2\/product"}],"about":[{"href":"https:\/\/kenetsan.com.tr\/index.php\/wp-json\/wp\/v2\/types\/product"}],"replies":[{"embeddable":true,"href":"https:\/\/kenetsan.com.tr\/index.php\/wp-json\/wp\/v2\/comments?post=75841"}],"wp:featuredmedia":[{"embeddable":true,"href":"https:\/\/kenetsan.com.tr\/index.php\/wp-json\/wp\/v2\/media\/76215"}],"wp:attachment":[{"href":"https:\/\/kenetsan.com.tr\/index.php\/wp-json\/wp\/v2\/media?parent=75841"}],"wp:term":[{"taxonomy":"product_cat","embeddable":true,"href":"https:\/\/kenetsan.com.tr\/index.php\/wp-json\/wp\/v2\/product_cat?post=75841"},{"taxonomy":"product_tag","embeddable":true,"href":"https:\/\/kenetsan.com.tr\/index.php\/wp-json\/wp\/v2\/product_tag?post=75841"}],"curies":[{"name":"wp","href":"https:\/\/api.w.org\/{rel}","templated":true}]}}